{"id":3632,"date":"2023-05-05T20:32:34","date_gmt":"2023-05-05T20:32:34","guid":{"rendered":"https:\/\/grimmettlawfirm.com\/child-custody\/"},"modified":"2023-06-13T07:51:26","modified_gmt":"2023-06-13T07:51:26","slug":"abogado-especialista-en-custodia-de-menores","status":"publish","type":"page","link":"https:\/\/grimmettlawfirm.com\/es\/abogado-especialista-en-custodia-de-menores\/","title":{"rendered":"Abogado Especialista en Custodia de Menores"},"content":{"rendered":"\n<h1>\n\t\tAbogado Especialista en Custodia de Menores\n\t<\/h1>\n\t<p>Cualquier persona que crea que un menor puede estar sufriendo de abuso o negligencia puede presentar una solicitud ante un tribunal para que le retire la custodia de ese menor al cuidador actual, ya sea un de los padres u otra persona.\u00a0 El equipo del bufete de abogados Grimmett PLLC ayuda a proteger tanto a los padres como a los menores en lo que concierne a los derechos de los padres y la familia.<\/p>\n<p>A veces, se puede presentar una solicitud por dependencia y negligencia cuando no est\u00e1 justificada por alguien que busca vengarse u obtener la custodia de manera indebida. Si usted est\u00e1 buscando presentar una solicitud para defenderse de acusaciones inapropiadas de abuso o negligencia, sabemos c\u00f3mo abogar de manera efectiva para que usted logre sus metas.<\/p>\n<h2>Procedimientos en un caso de dependencia y negligencia en Tennessee<\/h2>\n<p>La mayor\u00eda de los casos de dependencia y negligencia involucran al Departamento de Servicios Infantiles de Tennessee. A menudo el Departamento presenta estas solicitudes ante el Tribunal de Menores despu\u00e9s de investigar la situaci\u00f3n, pero si uno de los padres, otro pariente o un amigo presenta la solicitud, por lo general el Tribunal remite el caso al Departamento para su investigaci\u00f3n.<\/p>\n<p>La persona que presente la solicitud alegando que el ni\u00f1o es dependiente y est\u00e1 descuidado tendr\u00e1 la carga de probar con evidencia clara y convincente que el ni\u00f1o cumple con los est\u00e1ndares para ser considerado \u00abdependiente y descuidado\u00bb seg\u00fan la ley. El bufete de abogados Grimmett sabe c\u00f3mo presentar una evidencia persuasiva para apoyar o defenderse de acusaciones de negligencia o abuso.<\/p>\n<p>Si el tribunal determina que el ni\u00f1o sufre abuso o negligencia, la corte puede sacar al ni\u00f1o del hogar y otorgar la custodia al estado de Tennessee o a otra persona aprobada por el tribunal. En algunas situaciones, el tribunal puede dar por terminados todos los derechos de paternidad.<\/p>\n<h2>\u00bfCu\u00e1ndo se considera que un menor es dependiente y est\u00e1 descuidado?<\/h2>\n<p>El <a href=\"https:\/\/advance.lexis.com\/api\/document\/collection\/statutes-legislation\/id\/630G-P6X0-R03K-635P-00008-00?cite=Tenn.%20Code%20Ann.%20%C2%A7%2037-1-102&amp;context=1000516\" target=\"_blank\" rel=\"noopener\">C\u00f3digo de Tennessee Ann. Secci\u00f3n 37-1-102 (b)(13) <\/a>describe una serie de situaciones diferentes que podr\u00edan dar lugar a que se determine que un menor es dependiente y est\u00e1 descuidado. Algunas de estas incluyen:<\/p>\n<ul>\n<li aria-level=\"1\">El menor vive con alguien que no est\u00e1 en condiciones de brindarle la atenci\u00f3n adecuada debido a \u00abcrueldad, incapacidad mental, inmoralidad o depravaci\u00f3n\u00bb<\/li>\n<li aria-level=\"1\">El padre, tutor o custodio descuida o se niega a proporcionar al menor la atenci\u00f3n m\u00e9dica adecuada<\/li>\n<li aria-level=\"1\">El menor es \u00abilegalmente\u00bb mantenido fuera de la escuela<\/li>\n<li aria-level=\"1\">La salud o la moralidad del menor se da\u00f1an o se ponen en peligro.<\/li>\n<li aria-level=\"1\">El menor ha estado viviendo durante al menos seis meses con alguien que no es un familiar y esa persona no ha iniciado un proceso para obtener la custodia.<\/li>\n<li aria-level=\"1\">Se encontrado al menor en un lugar ilegal por falta de la supervisi\u00f3n adecuada<\/li>\n<li aria-level=\"1\">Se ha permitido que el menor se dedique a la prostituci\u00f3n o a la pornograf\u00eda.<\/li>\n<li aria-level=\"1\">El menor ha sufrido abusos f\u00edsicos, mentales o sexuales<\/li>\n<\/ul>\n<p>Si un pariente ha cuidado f\u00edsica y econ\u00f3micamente a un menor durante al menos 18 meses y el menor fue ubicado con ese pariente por el padre o tutor legal, el tribunal puede determinar que el menor sufrir\u00eda un da\u00f1o considerable si se lo saca del cuidado de ese pariente, por lo tanto, la corte podr\u00eda dictaminar que el menor es dependiente y est\u00e1 descuidado, y quitarle la custodia o tutor y en su lugar entreg\u00e1rsela al pariente que ha estado cuidando a ese menor.<\/p>\n<h2>Trabaje con un abogado experimentado en custodia de Tennessee<\/h2>\n<p>Puede ser dif\u00edcil probar o refutar las acusaciones en un caso de dependencia y negligencia, pero en el bufete de abogados Grimmett, PLLC, sabemos que est\u00e1 en juego el futuro de un menor. Trabajamos incansablemente para localizar y presentar la mejor evidencia para apoyar su demanda para que juntos podamos asegurarnos de que el el menor tenga el acuerdo de custodia adecuado para el futuro.<\/p>\n<p>Para una consulta confidencial para saber c\u00f3mo podemos ayudarle, p\u00f3ngase en contacto con nosotros hoy.<\/p>\n\n","protected":false},"excerpt":{"rendered":"<p>Abogado Especialista en Custodia de Menores Cualquier persona que crea que un menor puede estar sufriendo de abuso o negligencia puede presentar una solicitud ante un tribunal para que le retire la custodia de ese menor al cuidador actual, ya sea un de los padres u otra persona.\u00a0 El equipo del bufete de abogados Grimmett&hellip;<\/p>\n","protected":false},"author":2,"featured_media":0,"parent":0,"menu_order":0,"comment_status":"closed","ping_status":"closed","template":"","meta":{"_acf_changed":false,"inline_featured_image":false,"footnotes":""},"class_list":["post-3632","page","type-page","status-publish","hentry"],"acf":[],"_links":{"self":[{"href":"https:\/\/grimmettlawfirm.com\/es\/wp-json\/wp\/v2\/pages\/3632","targetHints":{"allow":["GET"]}}],"collection":[{"href":"https:\/\/grimmettlawfirm.com\/es\/wp-json\/wp\/v2\/pages"}],"about":[{"href":"https:\/\/grimmettlawfirm.com\/es\/wp-json\/wp\/v2\/types\/page"}],"author":[{"embeddable":true,"href":"https:\/\/grimmettlawfirm.com\/es\/wp-json\/wp\/v2\/users\/2"}],"replies":[{"embeddable":true,"href":"https:\/\/grimmettlawfirm.com\/es\/wp-json\/wp\/v2\/comments?post=3632"}],"version-history":[{"count":4,"href":"https:\/\/grimmettlawfirm.com\/es\/wp-json\/wp\/v2\/pages\/3632\/revisions"}],"predecessor-version":[{"id":3636,"href":"https:\/\/grimmettlawfirm.com\/es\/wp-json\/wp\/v2\/pages\/3632\/revisions\/3636"}],"wp:attachment":[{"href":"https:\/\/grimmettlawfirm.com\/es\/wp-json\/wp\/v2\/media?parent=3632"}],"curies":[{"name":"wp","href":"https:\/\/api.w.org\/{rel}","templated":true}]}}