{"id":3638,"date":"2023-05-05T20:35:38","date_gmt":"2023-05-05T20:35:38","guid":{"rendered":"https:\/\/grimmettlawfirm.com\/premises-liability\/"},"modified":"2023-06-13T07:57:22","modified_gmt":"2023-06-13T07:57:22","slug":"abogado-experto-en-responsabilidad-de-instalaciones","status":"publish","type":"page","link":"https:\/\/grimmettlawfirm.com\/es\/abogado-experto-en-responsabilidad-de-instalaciones\/","title":{"rendered":"Abogado experto en responsabilidad de Instalaciones"},"content":{"rendered":"\n<h1>\n\t\tAbogado experto en responsabilidad de Instalaciones\n\t<\/h1>\n\t<p>Ya sea que usted est\u00e9 comprando en una tienda o visitando a un amigo, el due\u00f1o de la propiedad en la que se encuentra tiene el deber de advertirle sobre condiciones peligrosas y protegerle de da\u00f1os. Cuando no cumplen con ese deber y usted se cae o se golpea o lesiona con un objeto alguna manera, es posible que el due\u00f1o o administrador de la propiedad deba pagarle una indemnizaci\u00f3n seg\u00fan la teor\u00eda de la responsabilidad de las instalaciones.<\/p>\n<p>La persona que es due\u00f1a o controla las instalaciones tiene el deber para con las personas a las que invita a la propiedad, especialmente cuando se invita a esas personas son para beneficiar al propietario de alguna manera. Cada vez que un negocio est\u00e1 abierto al p\u00fablico, han hecho una invitaci\u00f3n impl\u00edcita para ingresar a la propiedad.<\/p>\n<p>El bufete de abogados Grimmett, PLLC ayuda a las personas lesionadas a demostrar que sus lesiones califican para la indemnizaci\u00f3n bas\u00e1ndose en la responsabilidad de las instalaciones. Podemos ayudarle a obtener la compensaci\u00f3n que necesita para pagar las facturas m\u00e9dicas y los salarios perdidos, compensar su sufrimiento y ponerle en condiciones de seguir adelante despu\u00e9s de su lesi\u00f3n.<\/p>\n<h2>Tipos de casos de responsabilidad de locales<\/h2>\n<p>Las lesiones de muchos tipos de causas pueden ser elegibles para da\u00f1os y perjuicios bajo la responsabilidad de las instalaciones. Hemos ayudado a v\u00edctimas que sufrieron incidentes como:<\/p>\n<ul>\n<li aria-level=\"1\">Tropezar con un peligro oculto<\/li>\n<li aria-level=\"1\">Resbalarse en una superficie helada, mojada o resbaladiza<\/li>\n<li aria-level=\"1\">Sufrir el impacto de la ca\u00edda de mercanc\u00edas desde una altura<\/li>\n<li aria-level=\"1\">Caerse debido a la p\u00e9rdida de pelda\u00f1os, a la rotura de la barandilla de escaleras<\/li>\n<li aria-level=\"1\">Sufrir lesiones en un asalto u otra actividad delictiva habilitada por negligencia en la seguridad<\/li>\n<li aria-level=\"1\">Caerse por falta de iluminaci\u00f3n<\/li>\n<li aria-level=\"1\">Ser atacado por un perro u otro animal<\/li>\n<\/ul>\n<p>A menudo, los casos de responsabilidad de las instalaciones se conocen como casos de \u00abresbalones y ca\u00eddas\u00bb, pero cualquier lesi\u00f3n que podr\u00eda haberse evitado con la protecci\u00f3n adecuada podr\u00eda dar lugar a una indemnizaci\u00f3n por responsabilidad de las instalaciones.<\/p>\n<h2>El desaf\u00edo en la responsabilidad de las instalaciones<\/h2>\n<p>Para obtener una indemnizaci\u00f3n de la compa\u00f1\u00eda de seguros que asegura la propiedad, es necesario demostrar que el due\u00f1o de la propiedad no tom\u00f3 las medidas adecuadas para hacer frente a una condici\u00f3n peligrosa y que la falla es la causa directa de las lesiones. Puede ser necesario demostrar que el propietario conoc\u00eda la situaci\u00f3n o que \u00e9sta exist\u00eda desde hac\u00eda suficiente tiempo como para haber inspeccionado razonablemente las instalaciones y haberse enterado de su existencia.<\/p>\n<p>Puede resultar dif\u00edcil manejar todo esto. Es importante reunir pruebas lo antes posible para demostrar las condiciones que provocaron la lesi\u00f3n. Por ejemplo, el testimonio de un comprador o empleado que presenci\u00f3 un derrame o una mercanc\u00eda mal apilada puede resultar muy valioso para apoyar la demanda. Las im\u00e1genes de una c\u00e1mara de seguridad tambi\u00e9n podr\u00edan demostrar el momento en que se produjo el incidente. Nuestro equipo puede actuar con rapidez para conservar las im\u00e1genes antes de que se borren. Tambi\u00e9n podemos encargarnos de las comunicaciones con la compa\u00f1\u00eda de seguros para que no puedan enga\u00f1arle para que diga algo que podr\u00eda ser sacado de contexto y utilizado para negar la responsabilidad m\u00e1s tarde.<\/p>\n<h2>Hable con el bufete de abogados Grimmett si ha resultado lesionado en la propiedad de otra persona<\/h2>\n<p>La ayuda de un abogado experto en responsabilidad de las instalaciones puede hacer toda la diferencia en el resultado si usted ha sido lesionado en un resbal\u00f3n y ca\u00edda u otro incidente. Una compa\u00f1\u00eda de seguros puede ofrecerle un acuerdo r\u00e1pido, pero por lo general ofrecen mucho menos de lo que le corresponde.<\/p>\n<p>En el bufete de abogados Grimmett, PLLC, podemos evaluar su demanda bas\u00e1ndonos en los precedentes legales para determinar si se le ofrecen un trato justo. Si no podemos convencer a la aseguradora de que proporcione el acuerdo correcto, estamos listos para probar su caso ante el juez.<\/p>\n<p>P\u00f3ngase en contacto con nuestro equipo hoy para saber lo que puede ser posible en su caso y comenzar con una evaluaci\u00f3n gratuita de su caso.<\/p>\n\n","protected":false},"excerpt":{"rendered":"<p>Abogado experto en responsabilidad de Instalaciones Ya sea que usted est\u00e9 comprando en una tienda o visitando a un amigo, el due\u00f1o de la propiedad en la que se encuentra tiene el deber de advertirle sobre condiciones peligrosas y protegerle de da\u00f1os. Cuando no cumplen con ese deber y usted se cae o se golpea&hellip;<\/p>\n","protected":false},"author":2,"featured_media":0,"parent":0,"menu_order":0,"comment_status":"closed","ping_status":"closed","template":"","meta":{"_acf_changed":false,"inline_featured_image":false,"footnotes":""},"class_list":["post-3638","page","type-page","status-publish","hentry"],"acf":[],"_links":{"self":[{"href":"https:\/\/grimmettlawfirm.com\/es\/wp-json\/wp\/v2\/pages\/3638","targetHints":{"allow":["GET"]}}],"collection":[{"href":"https:\/\/grimmettlawfirm.com\/es\/wp-json\/wp\/v2\/pages"}],"about":[{"href":"https:\/\/grimmettlawfirm.com\/es\/wp-json\/wp\/v2\/types\/page"}],"author":[{"embeddable":true,"href":"https:\/\/grimmettlawfirm.com\/es\/wp-json\/wp\/v2\/users\/2"}],"replies":[{"embeddable":true,"href":"https:\/\/grimmettlawfirm.com\/es\/wp-json\/wp\/v2\/comments?post=3638"}],"version-history":[{"count":3,"href":"https:\/\/grimmettlawfirm.com\/es\/wp-json\/wp\/v2\/pages\/3638\/revisions"}],"predecessor-version":[{"id":3641,"href":"https:\/\/grimmettlawfirm.com\/es\/wp-json\/wp\/v2\/pages\/3638\/revisions\/3641"}],"wp:attachment":[{"href":"https:\/\/grimmettlawfirm.com\/es\/wp-json\/wp\/v2\/media?parent=3638"}],"curies":[{"name":"wp","href":"https:\/\/api.w.org\/{rel}","templated":true}]}}