{"id":3662,"date":"2023-05-12T08:42:24","date_gmt":"2023-05-12T08:42:24","guid":{"rendered":"https:\/\/grimmettlawfirm.com\/personal-injury\/"},"modified":"2023-06-13T08:11:52","modified_gmt":"2023-06-13T08:11:52","slug":"abogado-experto-en-lesiones-personales","status":"publish","type":"page","link":"https:\/\/grimmettlawfirm.com\/es\/abogado-experto-en-lesiones-personales\/","title":{"rendered":"Abogado Experto en lesiones personales"},"content":{"rendered":"\n\n\t<p>Un accidente puede cambiar su vida en un instante.<\/p>\n<p>Cada vez que se lastima debido a la negligencia de otra persona, la ley de Tennessee le otorga el derecho de presentar una demanda por lesiones personales por sus p\u00e9rdidas. Podr\u00eda recibir una indemnizaci\u00f3n por su dolor, sufrimiento, facturas m\u00e9dicas, salarios y oportunidades perdidas. Pero es importante actuar r\u00e1pidamente para preservar sus derechos.<\/p>\n<p>En la Firma de Abogados Grimmett PLLC, tenemos varias d\u00e9cadas de experiencia luchando contra las compa\u00f1\u00edas de seguros. Trabajamos incansablemente para obtener un trato justo para las v\u00edctimas de accidentes automovil\u00edsticos y de camiones, las personas que se han ca\u00eddo o han sido atacadas en la propiedad de otra persona, o siempre que se hubiera podido evitar una lesi\u00f3n si alguien se hubiera comportado de manera responsable.<\/p>\n<p>Puede ponerse en contacto con nosotros en cualquier momento para una consulta y evaluaci\u00f3n gratuita de su caso. Queremos ayudarle.<\/p>\n<h2>Causas de lesiones personales<\/h2>\n<p>Muchas situaciones diferentes pueden conducir a una lesi\u00f3n personal. Algunas de las demandas m\u00e1s comunes que manejamos incluyen:<\/p>\n<ul>\n<li aria-level=\"1\">Accidentes automovil\u00edsticos<\/li>\n<li aria-level=\"1\">Lesiones por resbalones y ca\u00eddas<\/li>\n<li aria-level=\"1\">Accidentes de camiones<\/li>\n<li aria-level=\"1\">Mordidas de perro<\/li>\n<li aria-level=\"1\">Negligencia m\u00e9dica<\/li>\n<li aria-level=\"1\">Lesiones laborales<\/li>\n<li aria-level=\"1\">Agresi\u00f3n<\/li>\n<li aria-level=\"1\">Accidentes de moto<\/li>\n<li aria-level=\"1\">Negligencia en la Seguridad<\/li>\n<li aria-level=\"1\">Accidentes de peatones<\/li>\n<\/ul>\n<p>La mayor\u00eda de las lesiones personales se deben a accidentes y no por alguien que intencionalmente intenta hacerle da\u00f1o. Sin embargo, incluso cuando una lesi\u00f3n no es todav\u00eda se puede responsabilizar a alguien por causar esa lesi\u00f3n.<\/p>\n<p>En la mayor\u00eda de los casos, la responsabilidad se basa en la negligencia. Usted tiene que poder demostrar que se lesion\u00f3 porque una persona o empresa no hizo algo que se supon\u00eda que ten\u00eda que hacer. Un abogado especializado en lesiones personales puede ayudarle a reunir pruebas que demuestren lo sucedido y a presentar los argumentos adecuados para demostrar a la compa\u00f1\u00eda de seguros y al tribunal precisamente c\u00f3mo la conducta il\u00edcita caus\u00f3 sus lesiones.<\/p>\n<h2>Indemnizaci\u00f3n disponible despu\u00e9s tras una lesi\u00f3n personal<\/h2>\n<p>Cuando usted puede probar que alguien es responsable de sus lesiones, puede recibir una indemnizaci\u00f3n denominada da\u00f1os para cubrir una amplia variedad de p\u00e9rdidas. Estas incluyen p\u00e9rdidas econ\u00f3micas que se pueden calcular directamente y p\u00e9rdidas no econ\u00f3micas, como el dolor, que tienen un tremendo impacto en su vida pero que no tienen un equivalente monetario espec\u00edfico.<\/p>\n<p>Ayudamos a las v\u00edctimas de accidentes a conseguir una indemnizaci\u00f3n por da\u00f1os tales como:<\/p>\n<ul>\n<li aria-level=\"1\">Gastos m\u00e9dicos<\/li>\n<li aria-level=\"1\">Necesidades m\u00e9dicas futuras<\/li>\n<li aria-level=\"1\">Salarios perdidos por falta de trabajo<\/li>\n<li aria-level=\"1\">Ingresos perdidos o reducidos en el futuro<\/li>\n<li aria-level=\"1\">Dolor y sufrimiento<\/li>\n<li aria-level=\"1\">Angustia emocional<\/li>\n<li aria-level=\"1\">P\u00e9rdida del goce de las actividades favoritas.<\/li>\n<li aria-level=\"1\">Modificaciones y ayuda para acomodar discapacidades<\/li>\n<\/ul>\n<p>En raras situaciones, cuando la mala conducta es particularmente grave, tambi\u00e9n podr\u00eda recibir indemnizaciones punitivas que se proporcionan para castigar el mal comportamiento.<\/p>\n<p>Las compa\u00f1\u00edas de seguros suelen ofrecer r\u00e1pidamente una indemnizaci\u00f3n por sus lesiones, pero suelen ofrecer mucho menos de lo que vale su demanda. Podemos usar precedentes legales para calcular un valor razonable y eso nos ayuda a determinar si una oferta de acuerdo es justa o si tiene derecho a recibir m\u00e1s. Llegar a un acuerdo fuera de los tribunales puede ahorrar tiempo, pero sabemos c\u00f3mo ganar un litigio y no dudaremos en llevar su caso ante el juez si eso es lo que se necesita para obtener lo que se merece.<\/p>\n<h2>Trabaje con un abogado especializado en lesiones personales<\/h2>\n<p>Las compa\u00f1\u00edas de seguros a menudo intentan enga\u00f1ar a las v\u00edctimas de accidentes para que digan o hagan algo que pueda afectar su capacidad de recuperar la indemnizaci\u00f3n que merecen. Cuando trabaja con un abogado experto en lesiones personales desde el principio, su abogado puede encargarse de las comunicaciones en su nombre mientras trabaja para reunir prueba y armar el caso m\u00e1s s\u00f3lido para su recuperaci\u00f3n.<\/p>\n<p>Y usted no nos paga nada a menos que gane.<\/p>\n<p>As\u00ed que si usted o un ser querido ha resultado lesionado y cree que la conducta de otra persona contribuy\u00f3 a la causa de esa lesi\u00f3n, p\u00f3ngase en contacto con la Firma de Abogados Grimmett hoy para una evaluaci\u00f3n gratuita de su caso.<\/p>\n\n","protected":false},"excerpt":{"rendered":"<p>Un accidente puede cambiar su vida en un instante. Cada vez que se lastima debido a la negligencia de otra persona, la ley de Tennessee le otorga el derecho de presentar una demanda por lesiones personales por sus p\u00e9rdidas. Podr\u00eda recibir una indemnizaci\u00f3n por su dolor, sufrimiento, facturas m\u00e9dicas, salarios y oportunidades perdidas. Pero es&hellip;<\/p>\n","protected":false},"author":1,"featured_media":0,"parent":0,"menu_order":0,"comment_status":"closed","ping_status":"closed","template":"","meta":{"_acf_changed":false,"inline_featured_image":false,"footnotes":""},"class_list":["post-3662","page","type-page","status-publish","hentry"],"acf":[],"_links":{"self":[{"href":"https:\/\/grimmettlawfirm.com\/es\/wp-json\/wp\/v2\/pages\/3662","targetHints":{"allow":["GET"]}}],"collection":[{"href":"https:\/\/grimmettlawfirm.com\/es\/wp-json\/wp\/v2\/pages"}],"about":[{"href":"https:\/\/grimmettlawfirm.com\/es\/wp-json\/wp\/v2\/types\/page"}],"author":[{"embeddable":true,"href":"https:\/\/grimmettlawfirm.com\/es\/wp-json\/wp\/v2\/users\/1"}],"replies":[{"embeddable":true,"href":"https:\/\/grimmettlawfirm.com\/es\/wp-json\/wp\/v2\/comments?post=3662"}],"version-history":[{"count":3,"href":"https:\/\/grimmettlawfirm.com\/es\/wp-json\/wp\/v2\/pages\/3662\/revisions"}],"predecessor-version":[{"id":3665,"href":"https:\/\/grimmettlawfirm.com\/es\/wp-json\/wp\/v2\/pages\/3662\/revisions\/3665"}],"wp:attachment":[{"href":"https:\/\/grimmettlawfirm.com\/es\/wp-json\/wp\/v2\/media?parent=3662"}],"curies":[{"name":"wp","href":"https:\/\/api.w.org\/{rel}","templated":true}]}}