{"id":3667,"date":"2023-06-02T21:56:47","date_gmt":"2023-06-02T21:56:47","guid":{"rendered":"https:\/\/grimmettlawfirm.com\/medical-licensing-issues-lawyer-in-tennessee\/"},"modified":"2023-06-13T08:17:09","modified_gmt":"2023-06-13T08:17:09","slug":"abogado-experto-en-licencias-medicas-en-tennessee","status":"publish","type":"page","link":"https:\/\/grimmettlawfirm.com\/es\/abogado-experto-en-licencias-medicas-en-tennessee\/","title":{"rendered":"Abogado Experto en Licencias M\u00e9dicas en Tennessee"},"content":{"rendered":"\n<h1>\n\t\tAbogado Experto en Licencias M\u00e9dicas en Tennessee\n\t<\/h1>\n\t<p>Todo profesional depende de las herramientas de su oficio para ayudar a los dem\u00e1s y para ganarse la vida. Si usted est\u00e1 en el campo de la medicina, su herramienta m\u00e1s importante es su licencia profesional. Cualquier cosa que amenace su licencia o credenciales y privilegios relacionados es un peligro que usted debe tomar en serio.<\/p>\n<p>En La Firma de Abogados Grimmett PLLC, entendemos la importancia de defender y proteger su licencia y credenciales profesionales. Conocemos estrategias para tener \u00e9xito en procesos administrativos y negociar resoluciones cuando acciones personales o comerciales causan problemas potenciales.<\/p>\n<h2>Desarrollar el Plan Correcto para Superar los Desaf\u00edos<\/h2>\n<p>Empezamos por tomarnos el tiempo necesario para comprender todos los detalles que afectan su caso. A veces, el verdadero origen de un problema est\u00e1 enterrado en lo m\u00e1s profundo y mucho m\u00e1s all\u00e1 de los efectos obvios. Investigamos para descubrir los factores que ahora amenazan con poner en peligro su carrera.<\/p>\n<p>A continuaci\u00f3n, trabajamos con usted para desarrollar estrategias que aborden los problemas y alcancen sus objetivos. Los problemas de concesi\u00f3n de licencias a menudo implican acusaciones de errores cruciales o malas pr\u00e1cticas que provocan instant\u00e1neamente una reacci\u00f3n emocional. Cuando usted trabaja con un abogado con experiencia, su asesor legal puede mantener una perspectiva firme para encontrar las soluciones m\u00e1s eficaces.<\/p>\n<h2>Un Enfoque Proactivo para la Defensa de Licencias<\/h2>\n<p>Aunque sabemos c\u00f3mo aprovechar las mejores oportunidades disponibles en el proceso administrativo para defenderse de las acusaciones y proteger las licencias m\u00e9dicas, tambi\u00e9n trabajamos para proteger sus derechos y privilegios a trav\u00e9s de procesos informales. A menudo, cuanto antes se pueda abordar un problema, m\u00e1s f\u00e1cil ser\u00e1 la soluci\u00f3n.<\/p>\n<p>Eso significa que si usted sospecha que alguien puede haber presentado o planea presentar una demanda en su contra, ahora es el momento de hablar con un abogado con experiencia en defensa de licencias. Es m\u00e1s f\u00e1cil reunir pruebas mientras un incidente es reciente. Adem\u00e1s, una acci\u00f3n temprana permite disponer de m\u00e1s tiempo para prepararse y, a veces, tomar medidas preventivas.<\/p>\n<h2>C\u00f3mo manejar las investigaciones<\/h2>\n<p>Cuando un m\u00e9dico u otro profesional de la medicina se enfrenta a un problema de licencia m\u00e9dica, a menudo la primera vez que se entera de un problema es cuando recibe una llamada telef\u00f3nica de la junta de licencias para hacerle preguntas. Si bien la primera reacci\u00f3n de la mayor\u00eda de la gente es cooperar y responder a las preguntas con amabilidad, esto puede causar problemas m\u00e1s adelante. Las declaraciones que haga podr\u00edan sacarse de contexto y utilizarse en tu contra m\u00e1s adelante. O si contesta sin tiempo para profundizar en su memoria, podr\u00eda decir algo que luego tenga que desmentir tras una reflexi\u00f3n m\u00e1s madura; lo cual puede hacer que parezca que no est\u00e1 siendo sincero.<\/p>\n<p>Ya sea que reciba preguntas por tel\u00e9fono, correo electr\u00f3nico o una carta por correo, lo mejor es consultar a un abogado experto en defensa de licencias antes de responder. Dependiendo de la situaci\u00f3n, es posible que podamos comunicarnos en su nombre o discutir c\u00f3mo abordar las preguntas para evitar posibles trampas.<\/p>\n<h2>Proteja su Futuro Trabajando con la Firma de Abogados Grimmett<\/h2>\n<p>Incluso si usted todav\u00eda no se enfrenta a una denuncia formal, su futura carrera podr\u00eda depender de tener preparada la estrategia adecuada para hacer frente a las acusaciones. Si usted tiene alguna inquietud sobre la seguridad de su licencia, privilegios m\u00e9dicos o credenciales, prot\u00e9jase programando una consulta con un abogado experimentado en la Firma de Abogados Grimmett. Nos dedicamos a ayudar a nuestros clientes de la misma manera que usted se dedica a ayudar a sus pacientes.<\/p>\n\n","protected":false},"excerpt":{"rendered":"<p>Abogado Experto en Licencias M\u00e9dicas en Tennessee Todo profesional depende de las herramientas de su oficio para ayudar a los dem\u00e1s y para ganarse la vida. Si usted est\u00e1 en el campo de la medicina, su herramienta m\u00e1s importante es su licencia profesional. Cualquier cosa que amenace su licencia o credenciales y privilegios relacionados es&hellip;<\/p>\n","protected":false},"author":2,"featured_media":0,"parent":0,"menu_order":0,"comment_status":"closed","ping_status":"closed","template":"","meta":{"_acf_changed":false,"inline_featured_image":false,"footnotes":""},"class_list":["post-3667","page","type-page","status-publish","hentry"],"acf":[],"_links":{"self":[{"href":"https:\/\/grimmettlawfirm.com\/es\/wp-json\/wp\/v2\/pages\/3667","targetHints":{"allow":["GET"]}}],"collection":[{"href":"https:\/\/grimmettlawfirm.com\/es\/wp-json\/wp\/v2\/pages"}],"about":[{"href":"https:\/\/grimmettlawfirm.com\/es\/wp-json\/wp\/v2\/types\/page"}],"author":[{"embeddable":true,"href":"https:\/\/grimmettlawfirm.com\/es\/wp-json\/wp\/v2\/users\/2"}],"replies":[{"embeddable":true,"href":"https:\/\/grimmettlawfirm.com\/es\/wp-json\/wp\/v2\/comments?post=3667"}],"version-history":[{"count":3,"href":"https:\/\/grimmettlawfirm.com\/es\/wp-json\/wp\/v2\/pages\/3667\/revisions"}],"predecessor-version":[{"id":3671,"href":"https:\/\/grimmettlawfirm.com\/es\/wp-json\/wp\/v2\/pages\/3667\/revisions\/3671"}],"wp:attachment":[{"href":"https:\/\/grimmettlawfirm.com\/es\/wp-json\/wp\/v2\/media?parent=3667"}],"curies":[{"name":"wp","href":"https:\/\/api.w.org\/{rel}","templated":true}]}}