{"id":3673,"date":"2023-04-27T09:11:17","date_gmt":"2023-04-27T09:11:17","guid":{"rendered":"https:\/\/grimmettlawfirm.com\/nursing-home-abuse\/"},"modified":"2023-06-13T08:36:59","modified_gmt":"2023-06-13T08:36:59","slug":"abogado-especialista-en-abuso-en-hogares-de-ancianos","status":"publish","type":"page","link":"https:\/\/grimmettlawfirm.com\/es\/abogado-especialista-en-abuso-en-hogares-de-ancianos\/","title":{"rendered":"Abogado Especialista en Abuso en Hogares de Ancianos"},"content":{"rendered":"\n<h1>\n\t\tAbogado Especialista en Abuso en Hogares de Ancianos\n\t<\/h1>\n\t<p>Cuando no podemos brindar atenci\u00f3n a nuestros seres queridos mayores, buscamos cuidadosamente para encontrar el centro de atenci\u00f3n a largo plazo adecuado para satisfacer sus necesidades. Los costos de los hogares de ancianos son altos, pero sabemos o suponemos que por estos honorarios deben brindan una buena atenci\u00f3n en un ambiente seguro y protector.<\/p>\n<p>Por eso, si se entera de que sus seres queridos est\u00e1n siendo objeto de abuso y negligencia en lugar de recibir la atenci\u00f3n adecuada, es fundamental que act\u00fae con rapidez. La fr\u00e1gil salud de los residentes de hogares de ancianos los hace particularmente vulnerables, y su salud f\u00edsica y mental puede sufrir da\u00f1os irreparables muy r\u00e1pidamente.<\/p>\n<p>Dependiendo de la situaci\u00f3n, un abogado experto en abuso en hogares de ancianos en la Firma de Abogados Grimmett, PLLC, puede negociar un cambio inmediato que proteja a su ser querido de m\u00e1s malos tratos. Tambi\u00e9n podr\u00edamos investigar si su familia puede tener derecho a una indemnizaci\u00f3n por abusos pasados. Si es as\u00ed, nuevamente es importante actuar r\u00e1pidamente para recopilar y preservar evidencia para probar su caso.<\/p>\n<h2>El abuso toma muchas formas<\/h2>\n<p>La mayor\u00eda de nosotros pensamos en el abuso como un da\u00f1o f\u00edsico. Si bien esta forma de abuso es demasiado com\u00fan, los residentes de hogares de ancianos tambi\u00e9n suelen ser objeto de otras formas de abuso.<\/p>\n<p>La explotaci\u00f3n financiera es un problema com\u00fan para los residentes de centros de cuidado a largo plazo y las personas mayores a las que se cuida en sus hogares. Los cuidadores se ganan la confianza de sus pacientes, y eso puede permitir que un cuidador sin escr\u00fapulos a apropiarse indebidamente de fondos, llevarse efectos personales, falsificar firmas o cometer robos de identidad. El personal del hogar de ancianos tambi\u00e9n podr\u00eda estar cometiendo un fraude en la atenci\u00f3n m\u00e9dica de su ser querido cobr\u00e1ndole de m\u00e1s, recet\u00e1ndole medicamentos o servicios innecesarios o recibiendo sobornos.<\/p>\n<p>El abuso emocional y psicol\u00f3gico suelen producirse de forma verbal y no verbal. El personal de la residencia de anciano podr\u00eda intimidar o humillar a su ser querido, caus\u00e1ndole graves trastornos emocionales. A veces, los pacientes que parecen mostrar signos de demencia en realidad sufren abuso emocional.<\/p>\n<p>Algunos residentes de hogares de ancianos incluso son objeto de abuso sexual de diversas formas. Los malos tratos pueden venir de miembros del personal o de otros residentes.<\/p>\n<p>Por \u00faltimo, la fuente m\u00e1s frecuente de abuso en hogares de ancianos puede ser la negligencia. Es posible que los miembros del personal con exceso de trabajo o indiferentes no brindan la atenci\u00f3n, la higiene, la nutrici\u00f3n y otros servicios adecuados.<\/p>\n<h2>Se\u00f1ales de abuso o negligencia en una residencia de ancianos<\/h2>\n<p>Es importante reconocer las se\u00f1ales de posible abuso o negligencia para ayudar a proteger a su ser querido. Si nota estas se\u00f1ales consulte a un abogado especializado en abusos en residencias de ancianos que pueda ayudarle a determinar la mejor forma de actuar.<\/p>\n<p>Los se\u00f1ales a tener en cuenta incluyen:<\/p>\n<ul>\n<li aria-level=\"1\">Moretones, ronchas o fracturas inexplicables<\/li>\n<li aria-level=\"1\">Un cuidador que se niega a permitirle ver a su ser querido a solas<\/li>\n<li aria-level=\"1\">Marcas en las mu\u00f1ecas o los tobillos<\/li>\n<li aria-level=\"1\">Informes de sobredosis de f\u00e1rmacos o indicios de que no se est\u00e1 administrando el medicamento<\/li>\n<li aria-level=\"1\">Comportamiento de mecerse, chupar o murmurar<\/li>\n<li aria-level=\"1\">Retiros inexplicables de cuentas bancarias<\/li>\n<li aria-level=\"1\">Cambios en testamentos o documentos de poder notarial<\/li>\n<li aria-level=\"1\">La incorporaci\u00f3n de un nombre a una cuenta bancaria o a a una tarjeta de firma<\/li>\n<li aria-level=\"1\">Cargos por servicios innecesarios o que nunca se prestaron<\/li>\n<li aria-level=\"1\">\u00dalceras o ropa sucia<\/li>\n<\/ul>\n<p>Una situaci\u00f3n que podr\u00eda ser normal para un individuo podr\u00eda indicar un problema grave en otro. Es importante prestar atenci\u00f3n a los patrones de comportamiento y cualquier cambio repentino. En caso de duda, es mejor investigar una posible preocupaci\u00f3n que esperar hasta que sea demasiado tarde para tomar medidas.<\/p>\n<h2>Consulte a un Abogado Especialista en Abuso en Hogares de Ancianos si Sospecha de un Problema<\/h2>\n<p>En la Firma de Abogados Grimmett, PLLC, lamentablemente nos hemos encontrado con muchos casos de negligencia y abuso en hogares de ancianos. Queremos ayudarle a proteger a sus seres queridos.<\/p>\n<p>Si cree que podr\u00eda estar enfrentando un problema con un hogar de ancianos o un servicio de atenci\u00f3n domiciliaria, programe una consulta con nuestro equipo. Podemos brindarle asesoramiento y asistencia para obtener la ayuda que necesita y, potencialmente, a recibir una indemnizaci\u00f3n\u00a0 por el sufrimiento que ha experimentado su ser querido.<\/p>\n\n","protected":false},"excerpt":{"rendered":"<p>Abogado Especialista en Abuso en Hogares de Ancianos Cuando no podemos brindar atenci\u00f3n a nuestros seres queridos mayores, buscamos cuidadosamente para encontrar el centro de atenci\u00f3n a largo plazo adecuado para satisfacer sus necesidades. Los costos de los hogares de ancianos son altos, pero sabemos o suponemos que por estos honorarios deben brindan una buena&hellip;<\/p>\n","protected":false},"author":1,"featured_media":0,"parent":0,"menu_order":0,"comment_status":"closed","ping_status":"closed","template":"","meta":{"_acf_changed":false,"inline_featured_image":false,"footnotes":""},"class_list":["post-3673","page","type-page","status-publish","hentry"],"acf":[],"_links":{"self":[{"href":"https:\/\/grimmettlawfirm.com\/es\/wp-json\/wp\/v2\/pages\/3673","targetHints":{"allow":["GET"]}}],"collection":[{"href":"https:\/\/grimmettlawfirm.com\/es\/wp-json\/wp\/v2\/pages"}],"about":[{"href":"https:\/\/grimmettlawfirm.com\/es\/wp-json\/wp\/v2\/types\/page"}],"author":[{"embeddable":true,"href":"https:\/\/grimmettlawfirm.com\/es\/wp-json\/wp\/v2\/users\/1"}],"replies":[{"embeddable":true,"href":"https:\/\/grimmettlawfirm.com\/es\/wp-json\/wp\/v2\/comments?post=3673"}],"version-history":[{"count":4,"href":"https:\/\/grimmettlawfirm.com\/es\/wp-json\/wp\/v2\/pages\/3673\/revisions"}],"predecessor-version":[{"id":3677,"href":"https:\/\/grimmettlawfirm.com\/es\/wp-json\/wp\/v2\/pages\/3673\/revisions\/3677"}],"wp:attachment":[{"href":"https:\/\/grimmettlawfirm.com\/es\/wp-json\/wp\/v2\/media?parent=3673"}],"curies":[{"name":"wp","href":"https:\/\/api.w.org\/{rel}","templated":true}]}}