{"id":3679,"date":"2023-04-27T09:14:57","date_gmt":"2023-04-27T09:14:57","guid":{"rendered":"https:\/\/grimmettlawfirm.com\/medical-malpractice\/"},"modified":"2023-06-13T08:41:17","modified_gmt":"2023-06-13T08:41:17","slug":"abogado-especializado-en-negligencia-medica","status":"publish","type":"page","link":"https:\/\/grimmettlawfirm.com\/es\/abogado-especializado-en-negligencia-medica\/","title":{"rendered":"Abogado Especializado en Negligencia M\u00e9dica"},"content":{"rendered":"<p>Cuando los m\u00e9dicos cometen errores, los resultados pueden ser extremadamente dolorosos y provocar discapacidades permanentes. Confiamos en que los m\u00e9dicos act\u00faen seg\u00fan normas profesionales y con un grado razonable de cuidado, pero a veces se vuelven perezosos o se distraen, y no proporcionan la atenci\u00f3n que usted necesita.<\/p>\n<p>Cuando eso sucede, usted merece recibir una indemnizaci\u00f3n por sus p\u00e9rdidas, incluido su sufrimiento.<\/p>\n<p>El equipo experto del bufete de abogados Grimmett lucha para ayudar a las v\u00edctimas de negligencia m\u00e9dica a recibir una indemnizaci\u00f3n completa y justa. Si bien no hay dinero que pueda compensar su dolor, las oportunidades perdidas y otros aspectos derivados de un error m\u00e9dico, la indemnizaci\u00f3n puede darle un sentido de justicia y obtener los recursos para satisfacer sus necesidades futuras.<\/p>\n<h2>Diagn\u00f3stico de negligencia m\u00e9dica<\/h2>\n<p>No todos los resultados perjudiciales en un ambiente de m\u00e9dicos se deben a negligencia. Un m\u00e9dico u otro proveedor de atenci\u00f3n m\u00e9dica es responsable de mala praxis cuando act\u00faa (o deja de actuar) de una manera que no cumple con los est\u00e1ndares razonables seg\u00fan las circunstancias. Por ejemplo, no se espera que un m\u00e9dico que trabaja en el ambiente sobrecargado de trabajo como es una sala de emergencias preste la misma atenci\u00f3n a los detalles que un m\u00e9dico con tiempo para hacer un examen completo.<\/p>\n<p>Muchos tipos diferentes de comportamientos pueden constituir negligencia m\u00e9dica. Las v\u00edctimas han podido tener una compensaci\u00f3n tras sufrir da\u00f1os causados por:<\/p>\n<ul>\n<li aria-level=\"1\">No diagnosticar una enfermedad o retrasar el diagn\u00f3stico de una afecci\u00f3n<\/li>\n<li aria-level=\"1\">Recetar una dosis incorrecta de un medicamento<\/li>\n<li aria-level=\"1\">Errores cometidos durante una intervenci\u00f3n quir\u00fargica, como ser dejar alguno de los instrumentos m\u00e9dicos en el cuerpo de un paciente<\/li>\n<li aria-level=\"1\">Errores con la anestesia<\/li>\n<li aria-level=\"1\">Llevar a cabo un procedimiento sin informar al paciente de los riesgos<\/li>\n<li aria-level=\"1\">No proporcionar el tratamiento adecuado para una enfermedad diagnosticada<\/li>\n<\/ul>\n<p>Es probable que los m\u00e9dicos no lo admitan cuando han cometido un error, por lo que a menudo es necesario recurrir expertos que puedan testificar sobre cu\u00e1l deber\u00eda haber sido el est\u00e1ndar y c\u00f3mo el m\u00e9dico no lo cumpli\u00f3. Tambi\u00e9n deber\u00e1 demostrar c\u00f3mo la negligencia m\u00e9dica caus\u00f3 el da\u00f1o.<\/p>\n<h2>Normas especiales que se aplican a los casos de negligencia m\u00e9dica<\/h2>\n<p>Es importante prestar atenci\u00f3n a algunas normas y requisitos que se aplican a los casos de negligencia m\u00e9dica en Tennessee. En primer lugar, las v\u00edctimas tienen un tiempo muy limitado para presentar una demanda. La demanda debe prepararse y presentarse en el plazo de un a\u00f1o desde que se cometi\u00f3 el error o en el plazo de un a\u00f1o desde que el paciente se enter\u00f3 del error. Incluso si el error m\u00e9dico tard\u00f3 un tiempo en hacerse evidente, el paciente debe presentar una demanda en el plazo de tres a\u00f1os, a menos que existan pruebas de que alguien intent\u00f3 encubrir el error o que el caso se refiera a un objeto extra\u00f1o que se dej\u00f3 negligentemente dentro del cuerpo del paciente.<\/p>\n<p>Antes de presentar una demanda, la v\u00edctima debe notificar por escrito su reclamo a los proveedores de atenci\u00f3n m\u00e9dica involucrados. Adem\u00e1s, tambi\u00e9n tiene que obtener un certificado de buena fe con una declaraci\u00f3n de un experto m\u00e9dico que exprese la creencia de que el paciente tiene motivos legales para presentar un reclamo basado en la evidencia m\u00e9dica.<\/p>\n<p>Debido a todos estos requisitos, es importante comenzar a trabajar con un abogado especializado en negligencia m\u00e9dica tan pronto como se d\u00e9 cuenta de que se puede haber cometido un error.<\/p>\n<h2>El bufete de abogados Grimmett lucha por las v\u00edctimas de negligencia m\u00e9dica<\/h2>\n<p>Demostrar que un m\u00e9dico no cumpli\u00f3 con sus responsabilidades profesionales puede ser una tarea desafiante, pero en el bufete de abogados Grimmett, creemos firmemente que cada v\u00edctima merece la mejor oportunidad de recibir una compensaci\u00f3n justa por sus p\u00e9rdidas. Profundizamos para descubrir pruebas que apoyen su reclamo y luchamos arduamente para demostrar por qu\u00e9 usted tiene derecho a recibir la m\u00e1xima indemnizaci\u00f3n por da\u00f1os y perjuicios.<\/p>\n<p>Si usted o un ser querido sufrieron a causa de la negligencia de un m\u00e9dico, cont\u00e1ctenos para una consulta gratuita para sepa c\u00f3mo podemos ayudarle.<\/p>\n","protected":false},"excerpt":{"rendered":"<p>Cuando los m\u00e9dicos cometen errores, los resultados pueden ser extremadamente dolorosos y provocar discapacidades permanentes. Confiamos en que los m\u00e9dicos act\u00faen seg\u00fan normas profesionales y con un grado razonable de cuidado, pero a veces se vuelven perezosos o se distraen, y no proporcionan la atenci\u00f3n que usted necesita. Cuando eso sucede, usted merece recibir una&hellip;<\/p>\n","protected":false},"author":1,"featured_media":0,"parent":0,"menu_order":0,"comment_status":"closed","ping_status":"closed","template":"","meta":{"_acf_changed":false,"inline_featured_image":false,"footnotes":""},"class_list":["post-3679","page","type-page","status-publish","hentry"],"acf":[],"_links":{"self":[{"href":"https:\/\/grimmettlawfirm.com\/es\/wp-json\/wp\/v2\/pages\/3679","targetHints":{"allow":["GET"]}}],"collection":[{"href":"https:\/\/grimmettlawfirm.com\/es\/wp-json\/wp\/v2\/pages"}],"about":[{"href":"https:\/\/grimmettlawfirm.com\/es\/wp-json\/wp\/v2\/types\/page"}],"author":[{"embeddable":true,"href":"https:\/\/grimmettlawfirm.com\/es\/wp-json\/wp\/v2\/users\/1"}],"replies":[{"embeddable":true,"href":"https:\/\/grimmettlawfirm.com\/es\/wp-json\/wp\/v2\/comments?post=3679"}],"version-history":[{"count":3,"href":"https:\/\/grimmettlawfirm.com\/es\/wp-json\/wp\/v2\/pages\/3679\/revisions"}],"predecessor-version":[{"id":3682,"href":"https:\/\/grimmettlawfirm.com\/es\/wp-json\/wp\/v2\/pages\/3679\/revisions\/3682"}],"wp:attachment":[{"href":"https:\/\/grimmettlawfirm.com\/es\/wp-json\/wp\/v2\/media?parent=3679"}],"curies":[{"name":"wp","href":"https:\/\/api.w.org\/{rel}","templated":true}]}}