{"id":3684,"date":"2023-04-27T09:18:55","date_gmt":"2023-04-27T09:18:55","guid":{"rendered":"https:\/\/grimmettlawfirm.com\/motorcycle-accident\/"},"modified":"2023-06-13T08:43:51","modified_gmt":"2023-06-13T08:43:51","slug":"abogado-especialista-en-accidentes-de-motocicleta","status":"publish","type":"page","link":"https:\/\/grimmettlawfirm.com\/es\/abogado-especialista-en-accidentes-de-motocicleta\/","title":{"rendered":"Abogado Especialista en Accidentes de Motocicleta"},"content":{"rendered":"\n<h1>\n\t\tAbogado Especialista en Accidentes de Motocicleta\n\t<\/h1>\n\t<p>Los motociclistas tienen una inmerecida reputaci\u00f3n de conducci\u00f3n temeraria. De hecho, la mayor\u00eda de los motociclistas saben que necesitan conducir a la defensiva y protegerse con el equipo adecuado para mantenerse a salvo en las carreteras. Sin la protecci\u00f3n que proporciona un veh\u00edculo cubierto, los motoristas pueden sufrir lesiones horribles si colisionan con un autom\u00f3vil, un cami\u00f3n o un obst\u00e1culo estacionado.<\/p>\n<p>Desafortunadamente, incluso si usted toma todas las precauciones adecuadas, todav\u00eda puede resultar gravemente herido en un accidente de motocicleta si otra persona act\u00faa irresponsablemente. Cuando eso sucede, el equipo dedicado del bufete de abogados Grimmett PLLC est\u00e1 listo para ayudarle.<\/p>\n<p>Si usted o un ser querido sufrieron lesiones en un choque de motocicletas, podemos investigar para determinar las causas del accidente y luchar para conseguir una indemnizaci\u00f3n de los responsables. Tambi\u00e9n podemos trabajar para asegurar que usted o su ser querido reciban la atenci\u00f3n que necesitan. Si un accidente de motocicleta causa una muerte prematura, luchamos por la justicia y la indemnizaci\u00f3n a trav\u00e9s de una demanda por homicidio culposo. Trabajamos con usted durante todo el proceso para ayudar a ponerlo en la mejor posici\u00f3n posible despu\u00e9s de un accidente..<\/p>\n<h2>Cuidado con los conductores distra\u00eddos<\/h2>\n<p>Las estad\u00edsticas indican que hasta el 40% de todos los accidentes que involucran motocicletas ocurren porque el conductor de otro veh\u00edculo estaba demasiado distra\u00eddo para notar el perfil m\u00e1s peque\u00f1o de la motocicleta. Con los tel\u00e9fonos celulares multifunci\u00f3n, los tableros llenos de opciones t\u00e9cnicas y las distracciones habituales de comer, beber y hablar, es m\u00e1s probable que los conductores en las carreteras de hoy se distraigan m\u00e1s que nunca.<\/p>\n<p>En el \u00faltimo momento, estos conductores distra\u00eddos pueden ver un coche o un todoterreno por el retrovisor o por la ventanilla y reaccionar adecuadamente. Sin embargo, es menos probable que se percaten de la presencia de una motocicleta y, a menudo, provocan colisiones al adelantarse a un motociclista cuando gira o cambia de carril. Los motociclistas deben vigilar de cerca a los automovilistas, porque con demasiada frecuencia los conductores no est\u00e1n pendientes de ellos.<\/p>\n<p>Sin embargo, los conductores de otros veh\u00edculos est\u00e1n legalmente obligados a conducir de manera responsable alrededor de los motociclistas. Cuando no cumplen con esas obligaciones y causan lesiones como resultado, pueden ser legalmente responsables por su negligencia.<\/p>\n<h2>Indemnizaciones disponibles despu\u00e9s de un accidente de motocicleta<\/h2>\n<p>Cada accidente es \u00fanico, pero cuando su abogado puede probar que las acciones de una o m\u00e1s personas provocaron el accidente, entonces usted puede ser elegible para recibir una indemnizaci\u00f3n para compensar los numerosos efectos del accidente. \u00c9stos incluyen:<\/p>\n<ul>\n<li aria-level=\"1\">Facturas m\u00e9dicas anteriores<\/li>\n<li aria-level=\"1\">Necesidades de atenci\u00f3n m\u00e9dica previstas para el futuro<\/li>\n<li aria-level=\"1\">Salarios perdidos<\/li>\n<li aria-level=\"1\">Disminuci\u00f3n de la capacidad de ingresos en el futuro.<\/li>\n<li aria-level=\"1\">Dolor y sufrimiento<\/li>\n<li aria-level=\"1\">Angustia emocional<\/li>\n<li aria-level=\"1\">P\u00e9rdida de gozar de las actividades favoritas.<\/li>\n<\/ul>\n<p>Los \u00faltimos tres tipos de da\u00f1os a veces se denominan p\u00e9rdidas no econ\u00f3micas porque no tienen un valor monetario directo. Sin embargo, debido a que tienen un impacto tan tremendo en la calidad de vida, el valor de un reclamo por dolor y otras p\u00e9rdidas intangibles suele ser mayor que el valor monetario de las p\u00e9rdidas econ\u00f3micas, como ser los gastos m\u00e9dicos.<\/p>\n<p>Un abogado especializado en accidentes de motocicleta puede analizar los antecedentes de casos similares para determinar un valor justo para cada tipo de p\u00e9rdida en su caso. Esto puede permitirle determinar si una oferta de acuerdo una compensaci\u00f3n justa o si es necesario llevar el caso ante un juez para obtener una indemnizaci\u00f3n total.<\/p>\n<h2>Abogados experimentados en accidentes de motocicleta protegen a su familia despu\u00e9s de un accidente<\/h2>\n<p>Las devastadoras lesiones que resultan de los accidentes de motocicleta afectan a familias enteras en el futuro. Si bien el equipo de la Firma de Abogados Grimmett no puede volver atr\u00e1s en el tiempo y borrar los efectos del accidente, podemos prometerle trabajar incansablemente para ayudarle a recuperar los recursos que necesita para construir una mejor vida para el futuro.<\/p>\n<p>Podemos encargarnos de las comunicaciones con las compa\u00f1\u00edas de seguros para proteger sus intereses y permitirle concentrarse en la curaci\u00f3n. Cont\u00e1ctenos hoy para una consulta gratuita para obtener m\u00e1s informaci\u00f3n sobre las formas en que podemos ayudarle.<\/p>\n\n","protected":false},"excerpt":{"rendered":"<p>Abogado Especialista en Accidentes de Motocicleta Los motociclistas tienen una inmerecida reputaci\u00f3n de conducci\u00f3n temeraria. De hecho, la mayor\u00eda de los motociclistas saben que necesitan conducir a la defensiva y protegerse con el equipo adecuado para mantenerse a salvo en las carreteras. Sin la protecci\u00f3n que proporciona un veh\u00edculo cubierto, los motoristas pueden sufrir lesiones&hellip;<\/p>\n","protected":false},"author":1,"featured_media":0,"parent":0,"menu_order":0,"comment_status":"closed","ping_status":"closed","template":"","meta":{"_acf_changed":false,"inline_featured_image":false,"footnotes":""},"class_list":["post-3684","page","type-page","status-publish","hentry"],"acf":[],"_links":{"self":[{"href":"https:\/\/grimmettlawfirm.com\/es\/wp-json\/wp\/v2\/pages\/3684","targetHints":{"allow":["GET"]}}],"collection":[{"href":"https:\/\/grimmettlawfirm.com\/es\/wp-json\/wp\/v2\/pages"}],"about":[{"href":"https:\/\/grimmettlawfirm.com\/es\/wp-json\/wp\/v2\/types\/page"}],"author":[{"embeddable":true,"href":"https:\/\/grimmettlawfirm.com\/es\/wp-json\/wp\/v2\/users\/1"}],"replies":[{"embeddable":true,"href":"https:\/\/grimmettlawfirm.com\/es\/wp-json\/wp\/v2\/comments?post=3684"}],"version-history":[{"count":3,"href":"https:\/\/grimmettlawfirm.com\/es\/wp-json\/wp\/v2\/pages\/3684\/revisions"}],"predecessor-version":[{"id":3687,"href":"https:\/\/grimmettlawfirm.com\/es\/wp-json\/wp\/v2\/pages\/3684\/revisions\/3687"}],"wp:attachment":[{"href":"https:\/\/grimmettlawfirm.com\/es\/wp-json\/wp\/v2\/media?parent=3684"}],"curies":[{"name":"wp","href":"https:\/\/api.w.org\/{rel}","templated":true}]}}