{"id":3689,"date":"2023-04-27T09:25:04","date_gmt":"2023-04-27T09:25:04","guid":{"rendered":"https:\/\/grimmettlawfirm.com\/dog-bite\/"},"modified":"2023-06-13T08:47:15","modified_gmt":"2023-06-13T08:47:15","slug":"abogado-especialista-en-mordeduras-de-perros","status":"publish","type":"page","link":"https:\/\/grimmettlawfirm.com\/es\/abogado-especialista-en-mordeduras-de-perros\/","title":{"rendered":"Abogado Especialista en mordeduras de perros"},"content":{"rendered":"\n<h1>\n\t\tAbogado Especialista en mordeduras de perros\n\t<\/h1>\n\t<p>La mayor\u00eda de los due\u00f1os de perros piensan que sus perros no representan un peligro para los dem\u00e1s. Esos due\u00f1os de perros est\u00e1n equivocados. Cualquier perro tiene el potencial de causar lesiones graves en determinadas circunstancias.<\/p>\n<p>Cuando los due\u00f1os de perros no controlan de manera responsable a sus animales y, como resultado, otros sufren da\u00f1os, el equipo de Grimmett Law Firm lucha para obtener una compensaci\u00f3n justa por el trauma f\u00edsico y emocional, as\u00ed como por otras p\u00e9rdidas. Los casos de lesiones de perros pueden ser complicados por varias razones, por lo que es una buena idea comenzar a trabajar con un abogado lo antes posible para brindarle a su equipo legal la mejor oportunidad de reunir pruebas para apoyar su reclamo.<\/p>\n<h2>\u00bfLos due\u00f1os de perros consiguen que no los incriminen por una \u00absola mordida \u00bb en Tennessee?<\/h2>\n<p>Muchas personas han escuchado que el due\u00f1o de un perro solo es responsable de las lesiones por una mordedura de perro si su perro hab\u00eda mordido a alguien antes. En t\u00e9rminos legales, eso se conoce como una situaci\u00f3n en la que el due\u00f1o del perro sab\u00eda o deber\u00eda haber sabido que su perro ten\u00eda tendencias peligrosas que podr\u00edan provocar una mordida o un ataque.<\/p>\n<p>Entonces, \u00bfes cierto que el due\u00f1o de un perro est\u00e1 libre de culpa si es la primera vez que el perro muerde a alguien? La respuesta depende de la situaci\u00f3n. Las mordidas sin \u00abcargo\u00bb est\u00e1n disponibles solo en circunstancias limitadas. En otras situaciones, los due\u00f1os de perros son enteramente responsables de los da\u00f1os causados por su animal, independientemente de c\u00f3mo se haya comportado el perro en el pasado.<\/p>\n<h2>Responsabilidad estricta por lesiones de perros<\/h2>\n<p>Los due\u00f1os de perros tienen el deber legal de mantener a sus perros bajo un \u00abcontrol razonable\u00bb en todo momento bajo<a href=\"https:\/\/d.docs.live.net\/13645e0b2e8dc660\/Documents\/LaGrande%202023\/Tenn.%20Code%20Ann.%20%C2%A7%2044-8-413\" target=\"_blank\" rel=\"noopener\"> C\u00f3digo de Tennessee Ann. Secci\u00f3n 44-8-413 <\/a>. La ley tambi\u00e9n les impone el deber de evitar que sus perros \u00abanden sueltos\u00bb. Cuando no cumplen con estos deberes, los due\u00f1os de perros se hacen responsables de las lesiones que causan. Aunque un perro no muerda, si empuja a alguien o le causa lesiones de alg\u00fan otro modo, el propietario puede ser considerado legalmente responsable. La responsabilidad surge independientemente de si el propietario sab\u00eda que el perro pod\u00eda representar un peligro.<\/p>\n<p>Sin embargo, hay excepciones en las que no se aplica la responsabilidad objetiva. El lugar donde ocurri\u00f3 la lesi\u00f3n puede tener un impacto crucial en la responsabilidad. Adem\u00e1s, si la persona lesionada estaba provocando al perro que la lastim\u00f3 o si el perro estaba actuando en defensa, entonces el propietario no es autom\u00e1ticamente responsable de las lesiones.<\/p>\n<h2>Puede ser necesario probar que el due\u00f1o del perro sab\u00eda del peligro<\/h2>\n<p>Esencialmente, el due\u00f1o de un perro obtiene \u00abuna mordida sin cargo\u00bb si el perro est\u00e1 en la propiedad del due\u00f1o o en la propiedad de otra persona con permiso. La persona herida a\u00fan puede cobrar una indemnizaci\u00f3n, pero tendr\u00e1 que demostrar que el due\u00f1o del perro sab\u00eda o deber\u00eda haber sabido de las \u00abtendencias peligrosas\u00bb del perro. Por ejemplo, si puede demostrar que el perro intent\u00f3 atacar a otros en el pasado, su abogado puede argumentar que el due\u00f1o deber\u00eda haber sabido que el animal representaba un peligro y deber\u00eda haber tomado medidas m\u00e1s estrictas para controlar al perro.<\/p>\n<h2>El bufete de abogados Grimmett lucha por una compensaci\u00f3n justa despu\u00e9s de mordeduras de perro<\/h2>\n<p>La mayor\u00eda de las v\u00edctimas de lesiones graves por mordeduras de perro son ni\u00f1os que sufren cicatrices f\u00edsicas y emocionales por el resto de sus vidas. Muchas otras v\u00edctimas son personas mayores que enfrentan un largo y doloroso proceso de recuperaci\u00f3n.<\/p>\n<p>En el bufete de abogados Grimmett, ayudamos a todas las v\u00edctimas de mordeduras de perros a recuperar una compensaci\u00f3n justa por su dolor, trauma, gastos m\u00e9dicos y m\u00e1s. Cont\u00e1ctenos hoy para obtener m\u00e1s informaci\u00f3n sobre c\u00f3mo podemos ayudarle.<\/p>\n\n","protected":false},"excerpt":{"rendered":"<p>Abogado Especialista en mordeduras de perros La mayor\u00eda de los due\u00f1os de perros piensan que sus perros no representan un peligro para los dem\u00e1s. Esos due\u00f1os de perros est\u00e1n equivocados. Cualquier perro tiene el potencial de causar lesiones graves en determinadas circunstancias. Cuando los due\u00f1os de perros no controlan de manera responsable a sus animales&hellip;<\/p>\n","protected":false},"author":1,"featured_media":0,"parent":0,"menu_order":0,"comment_status":"closed","ping_status":"closed","template":"","meta":{"_acf_changed":false,"inline_featured_image":false,"footnotes":""},"class_list":["post-3689","page","type-page","status-publish","hentry"],"acf":[],"_links":{"self":[{"href":"https:\/\/grimmettlawfirm.com\/es\/wp-json\/wp\/v2\/pages\/3689","targetHints":{"allow":["GET"]}}],"collection":[{"href":"https:\/\/grimmettlawfirm.com\/es\/wp-json\/wp\/v2\/pages"}],"about":[{"href":"https:\/\/grimmettlawfirm.com\/es\/wp-json\/wp\/v2\/types\/page"}],"author":[{"embeddable":true,"href":"https:\/\/grimmettlawfirm.com\/es\/wp-json\/wp\/v2\/users\/1"}],"replies":[{"embeddable":true,"href":"https:\/\/grimmettlawfirm.com\/es\/wp-json\/wp\/v2\/comments?post=3689"}],"version-history":[{"count":3,"href":"https:\/\/grimmettlawfirm.com\/es\/wp-json\/wp\/v2\/pages\/3689\/revisions"}],"predecessor-version":[{"id":3692,"href":"https:\/\/grimmettlawfirm.com\/es\/wp-json\/wp\/v2\/pages\/3689\/revisions\/3692"}],"wp:attachment":[{"href":"https:\/\/grimmettlawfirm.com\/es\/wp-json\/wp\/v2\/media?parent=3689"}],"curies":[{"name":"wp","href":"https:\/\/api.w.org\/{rel}","templated":true}]}}